   
     
     
  {"id":2440,"date":"2021-02-16T11:59:26","date_gmt":"2021-02-16T11:59:26","guid":{"rendered":"https:\/\/pro-control.pl\/realizations-cosmetic-industry\/"},"modified":"2021-03-17T09:43:16","modified_gmt":"2021-03-17T09:43:16","slug":"realizations-cosmetic-industry","status":"publish","type":"page","link":"https:\/\/www.pro-control.pl\/en\/realizations-cosmetic-industry\/","title":{"rendered":"Realizations Cosmetic industry"},"content":{"rendered":"<p>[et_pb_section fb_built=&#8221;1&#8243; module_class=&#8221;front-page-slider  front-page-slider&#8211;white&#8221; _builder_version=&#8221;4.4.8&#8243; background_color=&#8221;#f0f0f0&#8243; module_alignment=&#8221;center&#8221; custom_padding=&#8221;4px||0px|||&#8221;][et_pb_row make_equal=&#8221;on&#8221; module_class=&#8221;front-page-slider__item&#8221; _builder_version=&#8221;4.4.8&#8243; background_image=&#8221;https:\/\/pro-control.pl\/wp-content\/uploads\/2021\/01\/realizacje.jpg&#8221; width=&#8221;2560px&#8221; max_width=&#8221;100%&#8221; min_height=&#8221;503px&#8221; min_height_tablet=&#8221;403px&#8221; min_height_phone=&#8221;384px&#8221; min_height_last_edited=&#8221;on|desktop&#8221; max_height=&#8221;730px&#8221; custom_padding=&#8221;0px||0px|||&#8221; custom_css_main_element=&#8221;position: relative;&#8221;][et_pb_column type=&#8221;4_4&#8243; _builder_version=&#8221;4.4.8&#8243; custom_css_main_element=&#8221;position: absolute;||    top: 0;||    left: 0;||    width: 100%;||    height: calc(100% &#8211; 150px) !important;&#8221; custom_css_main_element_last_edited=&#8221;on|desktop&#8221; custom_css_main_element_phone=&#8221;position: absolute;||    top: 0;||    left: 0;||    width: 100%;||    height: calc(100% &#8211; 50px) !important;&#8221;][et_pb_text module_class=&#8221;front-page-slider__item__content front-page-slider__item__content&#8211;detail&#8221; _builder_version=&#8221;4.4.8&#8243; text_font=&#8221;|300|||||||&#8221; text_text_color=&#8221;#ffffff&#8221; text_font_size=&#8221;26px&#8221; text_letter_spacing=&#8221;8px&#8221; text_line_height=&#8221;1.4em&#8221; header_font=&#8221;|300|||||||&#8221; header_font_size=&#8221;18px&#8221; background_color=&#8221;#000000&#8243; text_orientation=&#8221;center&#8221; module_alignment=&#8221;center&#8221; custom_padding=&#8221;40px|40px|40px|40px|false|false&#8221; text_font_size_tablet=&#8221;21px&#8221; text_font_size_phone=&#8221;18px&#8221; text_font_size_last_edited=&#8221;on|phone&#8221; header_font_size_tablet=&#8221;&#8221; header_font_size_phone=&#8221;16px&#8221; header_font_size_last_edited=&#8221;on|phone&#8221;]<\/p>\n<p>Selected realizations in cosmetic industry<\/p>\n<p>[\/et_pb_text][\/et_pb_column][\/et_pb_row][\/et_pb_section][et_pb_section fb_built=&#8221;1&#8243; _builder_version=&#8221;4.4.8&#8243; custom_padding=&#8221;0px|||||&#8221;][et_pb_row _builder_version=&#8221;4.4.8&#8243; custom_padding=&#8221;||0px|||&#8221;][et_pb_column type=&#8221;4_4&#8243; _builder_version=&#8221;4.4.8&#8243;][et_pb_text _builder_version=&#8221;4.4.8&#8243;]<\/p>\n<p><span><span><span><a href=\"https:\/\/www.pro-control.pl\/en\/\">Home<\/a><\/span><\/span><\/span><\/p>\n<p>[\/et_pb_text][\/et_pb_column][\/et_pb_row][et_pb_row column_structure=&#8221;1_2,1_2&#8243; _builder_version=&#8221;4.4.8&#8243; module_alignment=&#8221;center&#8221;][et_pb_column type=&#8221;1_2&#8243; _builder_version=&#8221;4.4.8&#8243;][et_pb_text _builder_version=&#8221;4.4.8&#8243;]<\/p>\n<div class=\"industry-menu\">\n    <span class=\"industry-menu__title\">\n         cosmetic industry\n\n    <\/span>\n\n    <ul class=\"industry-menu__list\">\n                    <li class=\"industry-menu__list__item \n        \n                     \">\n                <a href=\"https:\/\/www.pro-control.pl\/realizacje\/\">Wszystkie realizacje<\/a>\n            <\/li>\n        \n                    <li class=\"industry-menu__list__item \n        \n                     \">\n                <a href=\"https:\/\/www.pro-control.pl\/realizacje-branza-spozywcza\/\">Bran\u017ca spo\u017cywcza<\/a>\n            <\/li>\n        \n                    <li class=\"industry-menu__list__item \n        \n                     \">\n                <a href=\"https:\/\/www.pro-control.pl\/realizacje-branza-cukrownicza\/\">Bran\u017ca cukrownicza<\/a>\n            <\/li>\n        \n                    <li class=\"industry-menu__list__item \n        \n                     \">\n                <a href=\"https:\/\/www.pro-control.pl\/realizacje-branza-farmaceutyczna\/\">Bran\u017ca farmaceutyczna<\/a>\n            <\/li>\n        \n                    <li class=\"industry-menu__list__item \n        \n                     \">\n                <a href=\"https:\/\/www.pro-control.pl\/realizacje-branza-kosmetyczna\/\">Bran\u017ca kosmetyczna<\/a>\n            <\/li>\n        \n                    <li class=\"industry-menu__list__item \n        \n                     \">\n                <a href=\"https:\/\/www.pro-control.pl\/realizacje-branza-chemiczna\/\">Bran\u017ca chemiczna<\/a>\n            <\/li>\n        \n                    <li class=\"industry-menu__list__item \n        \n                     \">\n                <a href=\"https:\/\/www.pro-control.pl\/realizacje-branza-motoryzacyjna\/\">Bran\u017ca motoryzacyjna<\/a>\n            <\/li>\n        \n                    <li class=\"industry-menu__list__item \n        \n                     \">\n                <a href=\"https:\/\/www.pro-control.pl\/realizacje-przemysl-ciezki-i-hutniczy\/\">Przemys\u0142 ci\u0119\u017cki i hutniczy<\/a>\n            <\/li>\n        \n                    <li class=\"industry-menu__list__item \n        \n                     \">\n                <a href=\"https:\/\/www.pro-control.pl\/realizacje-branza-energetyczna\/\">Bran\u017ca energetyczna<\/a>\n            <\/li>\n        \n                    <li class=\"industry-menu__list__item \n        \n                     \">\n                <a href=\"https:\/\/www.pro-control.pl\/realizacje-branza-spirytusowa\/\">Bran\u017ca spirytusowa<\/a>\n            <\/li>\n        \n                    <li class=\"industry-menu__list__item \n        \n                     \">\n                <a href=\"https:\/\/www.pro-control.pl\/realizacje-branza-gazownicza\/\">Bran\u017ca gazownicza<\/a>\n            <\/li>\n        \n                    <li class=\"industry-menu__list__item \n        \n                     \">\n                <a href=\"https:\/\/www.pro-control.pl\/realizacje-ochrona-srodowiska\/\">Ochrona \u015brodowiska<\/a>\n            <\/li>\n        \n                    <li class=\"industry-menu__list__item \n        \n                     \">\n                <a href=\"https:\/\/www.pro-control.pl\/realizacje-inne-branze\/\">Inne bran\u017ce<\/a>\n            <\/li>\n        \n           <\/ul>\n<\/div>\n    \n\n<p>[\/et_pb_text][\/et_pb_column][et_pb_column type=&#8221;1_2&#8243; _builder_version=&#8221;4.4.8&#8243;][et_pb_text _builder_version=&#8221;4.4.8&#8243;]<\/p>\n<div class=\"industry-menu\">\n    <span class=\"industry-menu__title\">\n    choose from offer\n\n    <\/span>\n\n    <ul class=\"industry-menu__list\">\n                    <li class=\"industry-menu__list__item \n        \n                    <br \/>\n<b>Warning<\/b>:  Attempt to read property \"name\" on null in <b>\/home\/platne\/serwer298681\/public_html\/pro-control.pl\/wp-content\/themes\/divi-child\/dev\/menu-services\/shortcode_template.php<\/b> on line <b>37<\/b><br \/>\n \">\n                <a href=\"https:\/\/www.pro-control.pl\/en\/uslugi\/service\/\">Service<\/a>\n            <\/li>\n        \n                    <li class=\"industry-menu__list__item \n        \n                    <br \/>\n<b>Warning<\/b>:  Attempt to read property \"name\" on null in <b>\/home\/platne\/serwer298681\/public_html\/pro-control.pl\/wp-content\/themes\/divi-child\/dev\/menu-services\/shortcode_template.php<\/b> on line <b>37<\/b><br \/>\n \">\n                <a href=\"https:\/\/www.pro-control.pl\/en\/uslugi\/machine-audit\/\">Machine audit<\/a>\n            <\/li>\n        \n                    <li class=\"industry-menu__list__item \n        \n                    <br \/>\n<b>Warning<\/b>:  Attempt to read property \"name\" on null in <b>\/home\/platne\/serwer298681\/public_html\/pro-control.pl\/wp-content\/themes\/divi-child\/dev\/menu-services\/shortcode_template.php<\/b> on line <b>37<\/b><br \/>\n \">\n                <a href=\"https:\/\/www.pro-control.pl\/en\/uslugi\/consulting-and-engineering\/\">Consulting and engineering<\/a>\n            <\/li>\n        \n                    <li class=\"industry-menu__list__item \n        \n                    <br \/>\n<b>Warning<\/b>:  Attempt to read property \"name\" on null in <b>\/home\/platne\/serwer298681\/public_html\/pro-control.pl\/wp-content\/themes\/divi-child\/dev\/menu-services\/shortcode_template.php<\/b> on line <b>37<\/b><br \/>\n \">\n                <a href=\"https:\/\/www.pro-control.pl\/en\/uslugi\/installation-and-start-up\/\">Installation and start-up<\/a>\n            <\/li>\n        \n                    <li class=\"industry-menu__list__item \n        \n                    <br \/>\n<b>Warning<\/b>:  Attempt to read property \"name\" on null in <b>\/home\/platne\/serwer298681\/public_html\/pro-control.pl\/wp-content\/themes\/divi-child\/dev\/menu-services\/shortcode_template.php<\/b> on line <b>37<\/b><br \/>\n \">\n                <a href=\"https:\/\/www.pro-control.pl\/en\/uslugi\/systems-integration\/\">Systems integration<\/a>\n            <\/li>\n        \n                    <li class=\"industry-menu__list__item \n        \n                    <br \/>\n<b>Warning<\/b>:  Attempt to read property \"name\" on null in <b>\/home\/platne\/serwer298681\/public_html\/pro-control.pl\/wp-content\/themes\/divi-child\/dev\/menu-services\/shortcode_template.php<\/b> on line <b>37<\/b><br \/>\n \">\n                <a href=\"https:\/\/www.pro-control.pl\/en\/uslugi\/systems-migration\/\">Systems migration<\/a>\n            <\/li>\n        \n                    <li class=\"industry-menu__list__item \n        \n                    <br \/>\n<b>Warning<\/b>:  Attempt to read property \"name\" on null in <b>\/home\/platne\/serwer298681\/public_html\/pro-control.pl\/wp-content\/themes\/divi-child\/dev\/menu-services\/shortcode_template.php<\/b> on line <b>37<\/b><br \/>\n \">\n                <a href=\"https:\/\/www.pro-control.pl\/en\/uslugi\/media-monitoring-and-oee\/\">Media monitoring and OEE<\/a>\n            <\/li>\n        \n                    <li class=\"industry-menu__list__item \n        \n                    <br \/>\n<b>Warning<\/b>:  Attempt to read property \"name\" on null in <b>\/home\/platne\/serwer298681\/public_html\/pro-control.pl\/wp-content\/themes\/divi-child\/dev\/menu-services\/shortcode_template.php<\/b> on line <b>37<\/b><br \/>\n \">\n                <a href=\"https:\/\/www.pro-control.pl\/en\/uslugi\/robotics\/\">Robotics<\/a>\n            <\/li>\n        \n                    <li class=\"industry-menu__list__item \n        \n                    <br \/>\n<b>Warning<\/b>:  Attempt to read property \"name\" on null in <b>\/home\/platne\/serwer298681\/public_html\/pro-control.pl\/wp-content\/themes\/divi-child\/dev\/menu-services\/shortcode_template.php<\/b> on line <b>37<\/b><br \/>\n \">\n                <a href=\"https:\/\/www.pro-control.pl\/en\/uslugi\/simatic-pcs7-system\/\">Simatic PCS7 system<\/a>\n            <\/li>\n        \n                    <li class=\"industry-menu__list__item \n        \n                    <br \/>\n<b>Warning<\/b>:  Attempt to read property \"name\" on null in <b>\/home\/platne\/serwer298681\/public_html\/pro-control.pl\/wp-content\/themes\/divi-child\/dev\/menu-services\/shortcode_template.php<\/b> on line <b>37<\/b><br \/>\n \">\n                <a href=\"https:\/\/www.pro-control.pl\/en\/uslugi\/mes-systems\/\">MES systems<\/a>\n            <\/li>\n        \n                    <li class=\"industry-menu__list__item \n        \n                    <br \/>\n<b>Warning<\/b>:  Attempt to read property \"name\" on null in <b>\/home\/platne\/serwer298681\/public_html\/pro-control.pl\/wp-content\/themes\/divi-child\/dev\/menu-services\/shortcode_template.php<\/b> on line <b>37<\/b><br \/>\n \">\n                <a href=\"https:\/\/www.pro-control.pl\/en\/uslugi\/scada-and-dcs-systems\/\">SCADA and DCS systems<\/a>\n            <\/li>\n        \n                    <li class=\"industry-menu__list__item \n        \n                    <br \/>\n<b>Warning<\/b>:  Attempt to read property \"name\" on null in <b>\/home\/platne\/serwer298681\/public_html\/pro-control.pl\/wp-content\/themes\/divi-child\/dev\/menu-services\/shortcode_template.php<\/b> on line <b>37<\/b><br \/>\n \">\n                <a href=\"https:\/\/www.pro-control.pl\/en\/uslugi\/vision-systems\/\">Vision systems<\/a>\n            <\/li>\n        \n           <\/ul>\n<\/div>\n    \n\n<p>[\/et_pb_text][\/et_pb_column][\/et_pb_row][et_pb_row _builder_version=&#8221;4.4.8&#8243;][et_pb_column type=&#8221;4_4&#8243; _builder_version=&#8221;4.4.8&#8243;][et_pb_text _builder_version=&#8221;4.4.8&#8243;]<\/p>\n\n    <div class=\"realisation  \">\n            <div class=\"realisation__item\">\n           \n           <a href=\"https:\/\/www.pro-control.pl\/en\/realizacja\/a-vision-system-that-gives-the-coordinates-of-the-bottles-for-a-depalletizing-robot\/\">\n               <div class=\"realisation__item__image-container\">\n                   <img decoding=\"async\" src=\"https:\/\/www.pro-control.pl\/wp-content\/uploads\/2021\/02\/system_wizyjny_podajacy_wspolrzedne_butelek_avon2-400x400.jpg\" class=\"realisation__item__image\">\n               <\/div>\n           \n               <h3 class=\"realisation__item__name\">A vision system that gives the coordinates of the bottles for a depalletizing robot<\/h3>\n               <div class=\"realisation__item__cat\">\n                   Cosmetics industry               <\/div>\n           <\/a>\n       <\/div>\n         \n  <\/div>\n     \n\n\n    \n    <div class=\"pagination-wrapper\">\n                    <\/div>\n\n\n    \n<p>[\/et_pb_text][\/et_pb_column][\/et_pb_row][\/et_pb_section]<\/p>\n","protected":false},"excerpt":{"rendered":"<p>[et_pb_section fb_built=&#8221;1&#8243; module_class=&#8221;front-page-slider front-page-slider&#8211;white&#8221; _builder_version=&#8221;4.4.8&#8243; background_color=&#8221;#f0f0f0&#8243; module_alignment=&#8221;center&#8221; custom_padding=&#8221;4px||0px|||&#8221;][et_pb_row make_equal=&#8221;on&#8221; module_class=&#8221;front-page-slider__item&#8221; _builder_version=&#8221;4.4.8&#8243; background_image=&#8221;https:\/\/pro-control.pl\/wp-content\/uploads\/2021\/01\/realizacje.jpg&#8221; width=&#8221;2560px&#8221; max_width=&#8221;100%&#8221; min_height=&#8221;503px&#8221; min_height_tablet=&#8221;403px&#8221; min_height_phone=&#8221;384px&#8221; min_height_last_edited=&#8221;on|desktop&#8221; max_height=&#8221;730px&#8221; custom_padding=&#8221;0px||0px|||&#8221; custom_css_main_element=&#8221;position: relative;&#8221;][et_pb_column type=&#8221;4_4&#8243; _builder_version=&#8221;4.4.8&#8243; custom_css_main_element=&#8221;position: absolute;|| top: 0;|| left: 0;|| width: 100%;|| height: calc(100% &#8211; 150px) !important;&#8221; custom_css_main_element_last_edited=&#8221;on|desktop&#8221; custom_css_main_element_phone=&#8221;position: absolute;|| top: 0;|| left: 0;|| width: 100%;|| height: calc(100% &#8211; 50px) !important;&#8221;][et_pb_text module_class=&#8221;front-page-slider__item__content front-page-slider__item__content&#8211;detail&#8221; _builder_version=&#8221;4.4.8&#8243; text_font=&#8221;|300|||||||&#8221; [&hellip;]<\/p>\n","protected":false},"author":1,"featured_media":0,"parent":0,"menu_order":0,"comment_status":"closed","ping_status":"closed","template":"","meta":{"_acf_changed":false,"_et_pb_use_builder":"on","_et_pb_old_content":"","_et_gb_content_width":"","inline_featured_image":false,"footnotes":""},"class_list":["post-2440","page","type-page","status-publish","hentry"],"acf":[],"yoast_head":"<!-- This site is optimized with the Yoast SEO plugin v27.4 - https:\/\/yoast.com\/product\/yoast-seo-wordpress\/ -->\n<title>Realizations Cosmetic industry - PRO-CONTROL Sp. z o.o.<\/title>\n<meta name=\"robots\" content=\"index, follow, max-snippet:-1, max-image-preview:large, max-video-preview:-1\" \/>\n<link rel=\"canonical\" href=\"https:\/\/www.pro-control.pl\/en\/realizations-cosmetic-industry\/\" \/>\n<meta property=\"og:locale\" content=\"en_US\" \/>\n<meta property=\"og:type\" content=\"article\" \/>\n<meta property=\"og:title\" content=\"Realizations Cosmetic industry - PRO-CONTROL Sp. z o.o.\" \/>\n<meta property=\"og:description\" content=\"[et_pb_section fb_built=&#8221;1&#8243; module_class=&#8221;front-page-slider front-page-slider&#8211;white&#8221; _builder_version=&#8221;4.4.8&#8243; background_color=&#8221;#f0f0f0&#8243; module_alignment=&#8221;center&#8221; custom_padding=&#8221;4px||0px|||&#8221;][et_pb_row make_equal=&#8221;on&#8221; module_class=&#8221;front-page-slider__item&#8221; _builder_version=&#8221;4.4.8&#8243; background_image=&#8221;https:\/\/pro-control.pl\/wp-content\/uploads\/2021\/01\/realizacje.jpg&#8221; width=&#8221;2560px&#8221; max_width=&#8221;100%&#8221; min_height=&#8221;503px&#8221; min_height_tablet=&#8221;403px&#8221; min_height_phone=&#8221;384px&#8221; min_height_last_edited=&#8221;on|desktop&#8221; max_height=&#8221;730px&#8221; custom_padding=&#8221;0px||0px|||&#8221; custom_css_main_element=&#8221;position: relative;&#8221;][et_pb_column type=&#8221;4_4&#8243; _builder_version=&#8221;4.4.8&#8243; custom_css_main_element=&#8221;position: absolute;|| top: 0;|| left: 0;|| width: 100%;|| height: calc(100% &#8211; 150px) !important;&#8221; custom_css_main_element_last_edited=&#8221;on|desktop&#8221; custom_css_main_element_phone=&#8221;position: absolute;|| top: 0;|| left: 0;|| width: 100%;|| height: calc(100% &#8211; 50px) !important;&#8221;][et_pb_text module_class=&#8221;front-page-slider__item__content front-page-slider__item__content&#8211;detail&#8221; _builder_version=&#8221;4.4.8&#8243; text_font=&#8221;|300|||||||&#8221; [&hellip;]\" \/>\n<meta property=\"og:url\" content=\"https:\/\/www.pro-control.pl\/en\/realizations-cosmetic-industry\/\" \/>\n<meta property=\"og:site_name\" content=\"PRO-CONTROL Sp. z o.o.\" \/>\n<meta property=\"article:modified_time\" content=\"2021-03-17T09:43:16+00:00\" \/>\n<meta name=\"twitter:card\" content=\"summary_large_image\" \/>\n<meta name=\"twitter:label1\" content=\"Est. reading time\" \/>\n\t<meta name=\"twitter:data1\" content=\"2 minutes\" \/>\n<script type=\"application\/ld+json\" class=\"yoast-schema-graph\">{\"@context\":\"https:\\\/\\\/schema.org\",\"@graph\":[{\"@type\":\"WebPage\",\"@id\":\"https:\\\/\\\/www.pro-control.pl\\\/en\\\/realizations-cosmetic-industry\\\/\",\"url\":\"https:\\\/\\\/www.pro-control.pl\\\/en\\\/realizations-cosmetic-industry\\\/\",\"name\":\"Realizations Cosmetic industry - PRO-CONTROL Sp. z o.o.\",\"isPartOf\":{\"@id\":\"https:\\\/\\\/www.pro-control.pl\\\/#website\"},\"datePublished\":\"2021-02-16T11:59:26+00:00\",\"dateModified\":\"2021-03-17T09:43:16+00:00\",\"breadcrumb\":{\"@id\":\"https:\\\/\\\/www.pro-control.pl\\\/en\\\/realizations-cosmetic-industry\\\/#breadcrumb\"},\"inLanguage\":\"en-US\",\"potentialAction\":[{\"@type\":\"ReadAction\",\"target\":[\"https:\\\/\\\/www.pro-control.pl\\\/en\\\/realizations-cosmetic-industry\\\/\"]}]},{\"@type\":\"BreadcrumbList\",\"@id\":\"https:\\\/\\\/www.pro-control.pl\\\/en\\\/realizations-cosmetic-industry\\\/#breadcrumb\",\"itemListElement\":[{\"@type\":\"ListItem\",\"position\":1,\"name\":\"Home\",\"item\":\"https:\\\/\\\/www.pro-control.pl\\\/en\\\/\"},{\"@type\":\"ListItem\",\"position\":2,\"name\":\"Realizations Cosmetic industry\"}]},{\"@type\":\"WebSite\",\"@id\":\"https:\\\/\\\/www.pro-control.pl\\\/#website\",\"url\":\"https:\\\/\\\/www.pro-control.pl\\\/\",\"name\":\"PRO-CONTROL Sp. z o.o.\",\"description\":\"automatyzacja produkcji\",\"publisher\":{\"@id\":\"https:\\\/\\\/www.pro-control.pl\\\/#organization\"},\"potentialAction\":[{\"@type\":\"SearchAction\",\"target\":{\"@type\":\"EntryPoint\",\"urlTemplate\":\"https:\\\/\\\/www.pro-control.pl\\\/?s={search_term_string}\"},\"query-input\":{\"@type\":\"PropertyValueSpecification\",\"valueRequired\":true,\"valueName\":\"search_term_string\"}}],\"inLanguage\":\"en-US\"},{\"@type\":\"Organization\",\"@id\":\"https:\\\/\\\/www.pro-control.pl\\\/#organization\",\"name\":\"Pro-Control\",\"url\":\"https:\\\/\\\/www.pro-control.pl\\\/\",\"logo\":{\"@type\":\"ImageObject\",\"inLanguage\":\"en-US\",\"@id\":\"https:\\\/\\\/www.pro-control.pl\\\/#\\\/schema\\\/logo\\\/image\\\/\",\"url\":\"https:\\\/\\\/www.pro-control.pl\\\/wp-content\\\/uploads\\\/2021\\\/01\\\/logo_pro_control.svg\",\"contentUrl\":\"https:\\\/\\\/www.pro-control.pl\\\/wp-content\\\/uploads\\\/2021\\\/01\\\/logo_pro_control.svg\",\"width\":\"1024\",\"height\":\"1024\",\"caption\":\"Pro-Control\"},\"image\":{\"@id\":\"https:\\\/\\\/www.pro-control.pl\\\/#\\\/schema\\\/logo\\\/image\\\/\"}}]}<\/script>\n<!-- \/ Yoast SEO plugin. -->","yoast_head_json":{"title":"Realizations Cosmetic industry - PRO-CONTROL Sp. z o.o.","robots":{"index":"index","follow":"follow","max-snippet":"max-snippet:-1","max-image-preview":"max-image-preview:large","max-video-preview":"max-video-preview:-1"},"canonical":"https:\/\/www.pro-control.pl\/en\/realizations-cosmetic-industry\/","og_locale":"en_US","og_type":"article","og_title":"Realizations Cosmetic industry - PRO-CONTROL Sp. z o.o.","og_description":"[et_pb_section fb_built=&#8221;1&#8243; module_class=&#8221;front-page-slider front-page-slider&#8211;white&#8221; _builder_version=&#8221;4.4.8&#8243; background_color=&#8221;#f0f0f0&#8243; module_alignment=&#8221;center&#8221; custom_padding=&#8221;4px||0px|||&#8221;][et_pb_row make_equal=&#8221;on&#8221; module_class=&#8221;front-page-slider__item&#8221; _builder_version=&#8221;4.4.8&#8243; background_image=&#8221;https:\/\/pro-control.pl\/wp-content\/uploads\/2021\/01\/realizacje.jpg&#8221; width=&#8221;2560px&#8221; max_width=&#8221;100%&#8221; min_height=&#8221;503px&#8221; min_height_tablet=&#8221;403px&#8221; min_height_phone=&#8221;384px&#8221; min_height_last_edited=&#8221;on|desktop&#8221; max_height=&#8221;730px&#8221; custom_padding=&#8221;0px||0px|||&#8221; custom_css_main_element=&#8221;position: relative;&#8221;][et_pb_column type=&#8221;4_4&#8243; _builder_version=&#8221;4.4.8&#8243; custom_css_main_element=&#8221;position: absolute;|| top: 0;|| left: 0;|| width: 100%;|| height: calc(100% &#8211; 150px) !important;&#8221; custom_css_main_element_last_edited=&#8221;on|desktop&#8221; custom_css_main_element_phone=&#8221;position: absolute;|| top: 0;|| left: 0;|| width: 100%;|| height: calc(100% &#8211; 50px) !important;&#8221;][et_pb_text module_class=&#8221;front-page-slider__item__content front-page-slider__item__content&#8211;detail&#8221; _builder_version=&#8221;4.4.8&#8243; text_font=&#8221;|300|||||||&#8221; [&hellip;]","og_url":"https:\/\/www.pro-control.pl\/en\/realizations-cosmetic-industry\/","og_site_name":"PRO-CONTROL Sp. z o.o.","article_modified_time":"2021-03-17T09:43:16+00:00","twitter_card":"summary_large_image","twitter_misc":{"Est. reading time":"2 minutes"},"schema":{"@context":"https:\/\/schema.org","@graph":[{"@type":"WebPage","@id":"https:\/\/www.pro-control.pl\/en\/realizations-cosmetic-industry\/","url":"https:\/\/www.pro-control.pl\/en\/realizations-cosmetic-industry\/","name":"Realizations Cosmetic industry - PRO-CONTROL Sp. z o.o.","isPartOf":{"@id":"https:\/\/www.pro-control.pl\/#website"},"datePublished":"2021-02-16T11:59:26+00:00","dateModified":"2021-03-17T09:43:16+00:00","breadcrumb":{"@id":"https:\/\/www.pro-control.pl\/en\/realizations-cosmetic-industry\/#breadcrumb"},"inLanguage":"en-US","potentialAction":[{"@type":"ReadAction","target":["https:\/\/www.pro-control.pl\/en\/realizations-cosmetic-industry\/"]}]},{"@type":"BreadcrumbList","@id":"https:\/\/www.pro-control.pl\/en\/realizations-cosmetic-industry\/#breadcrumb","itemListElement":[{"@type":"ListItem","position":1,"name":"Home","item":"https:\/\/www.pro-control.pl\/en\/"},{"@type":"ListItem","position":2,"name":"Realizations Cosmetic industry"}]},{"@type":"WebSite","@id":"https:\/\/www.pro-control.pl\/#website","url":"https:\/\/www.pro-control.pl\/","name":"PRO-CONTROL Sp. z o.o.","description":"automatyzacja produkcji","publisher":{"@id":"https:\/\/www.pro-control.pl\/#organization"},"potentialAction":[{"@type":"SearchAction","target":{"@type":"EntryPoint","urlTemplate":"https:\/\/www.pro-control.pl\/?s={search_term_string}"},"query-input":{"@type":"PropertyValueSpecification","valueRequired":true,"valueName":"search_term_string"}}],"inLanguage":"en-US"},{"@type":"Organization","@id":"https:\/\/www.pro-control.pl\/#organization","name":"Pro-Control","url":"https:\/\/www.pro-control.pl\/","logo":{"@type":"ImageObject","inLanguage":"en-US","@id":"https:\/\/www.pro-control.pl\/#\/schema\/logo\/image\/","url":"https:\/\/www.pro-control.pl\/wp-content\/uploads\/2021\/01\/logo_pro_control.svg","contentUrl":"https:\/\/www.pro-control.pl\/wp-content\/uploads\/2021\/01\/logo_pro_control.svg","width":"1024","height":"1024","caption":"Pro-Control"},"image":{"@id":"https:\/\/www.pro-control.pl\/#\/schema\/logo\/image\/"}}]}},"_links":{"self":[{"href":"https:\/\/www.pro-control.pl\/en\/wp-json\/wp\/v2\/pages\/2440","targetHints":{"allow":["GET"]}}],"collection":[{"href":"https:\/\/www.pro-control.pl\/en\/wp-json\/wp\/v2\/pages"}],"about":[{"href":"https:\/\/www.pro-control.pl\/en\/wp-json\/wp\/v2\/types\/page"}],"author":[{"embeddable":true,"href":"https:\/\/www.pro-control.pl\/en\/wp-json\/wp\/v2\/users\/1"}],"replies":[{"embeddable":true,"href":"https:\/\/www.pro-control.pl\/en\/wp-json\/wp\/v2\/comments?post=2440"}],"version-history":[{"count":4,"href":"https:\/\/www.pro-control.pl\/en\/wp-json\/wp\/v2\/pages\/2440\/revisions"}],"predecessor-version":[{"id":3237,"href":"https:\/\/www.pro-control.pl\/en\/wp-json\/wp\/v2\/pages\/2440\/revisions\/3237"}],"wp:attachment":[{"href":"https:\/\/www.pro-control.pl\/en\/wp-json\/wp\/v2\/media?parent=2440"}],"curies":[{"name":"wp","href":"https:\/\/api.w.org\/{rel}","templated":true}]}}